{"id":36,"date":"2025-05-31T09:55:07","date_gmt":"2025-05-31T07:55:07","guid":{"rendered":"http:\/\/ecurielaclausade.fr\/?page_id=36"},"modified":"2025-06-25T21:43:59","modified_gmt":"2025-06-25T19:43:59","slug":"accueil","status":"publish","type":"page","link":"https:\/\/ecurielaclausade.fr\/","title":{"rendered":"Ecurie La Clausade"},"content":{"rendered":"\t\t<div data-elementor-type=\"wp-page\" data-elementor-id=\"36\" class=\"elementor elementor-36\">\n\t\t\t\t<div class=\"elementor-element elementor-element-114e74a5 e-con-full e-flex e-con e-parent\" data-id=\"114e74a5\" data-element_type=\"container\" data-e-type=\"container\">\n\t\t\t\t<div class=\"elementor-element elementor-element-4cd3ef90 elementor-widget__width-inherit elementor-widget elementor-widget-text-editor\" data-id=\"4cd3ef90\" data-element_type=\"widget\" data-e-type=\"widget\" data-widget_type=\"text-editor.default\">\n\t\t\t\t<div class=\"elementor-widget-container\">\n\t\t\t\t\t\t\t\t\t<p>Bienvenue dans notre \u00e9curie de propri\u00e9taires, un havre de paix au c\u0153ur de la nature, o\u00f9 le bien-\u00eatre animal est au centre de toutes nos attentions. Que votre cheval soit jeune, en activit\u00e9 ou \u00e0 la retraite, nous lui offrons un cadre de vie serein et des infrastructures de qualit\u00e9.<\/p><p><!-- \/wp:paragraph --><\/p>\t\t\t\t\t\t\t\t<\/div>\n\t\t\t\t<\/div>\n\t\t\t\t<\/div>\n\t\t<div class=\"elementor-element elementor-element-b228856 e-flex e-con-boxed e-con e-parent\" data-id=\"b228856\" data-element_type=\"container\" data-e-type=\"container\">\n\t\t\t\t\t<div class=\"e-con-inner\">\n\t\t<div class=\"elementor-element elementor-element-8a23460 e-grid e-con-full e-con e-child\" data-id=\"8a23460\" data-element_type=\"container\" data-e-type=\"container\">\n\t\t\t\t<div class=\"elementor-element elementor-element-bd0a9fa elementor-widget elementor-widget-image\" data-id=\"bd0a9fa\" data-element_type=\"widget\" data-e-type=\"widget\" data-widget_type=\"image.default\">\n\t\t\t\t<div class=\"elementor-widget-container\">\n\t\t\t\t\t\t\t\t\t\t\t\t\t\t\t<img fetchpriority=\"high\" decoding=\"async\" width=\"525\" height=\"424\" src=\"https:\/\/ecurielaclausade.fr\/wp-content\/uploads\/2025\/06\/Capture-decran-2025-06-25-a-21.25.44-1024x827.webp\" class=\"attachment-large size-large wp-image-258\" alt=\"\" srcset=\"https:\/\/ecurielaclausade.fr\/wp-content\/uploads\/2025\/06\/Capture-decran-2025-06-25-a-21.25.44-1024x827.webp 1024w, https:\/\/ecurielaclausade.fr\/wp-content\/uploads\/2025\/06\/Capture-decran-2025-06-25-a-21.25.44-300x242.webp 300w, https:\/\/ecurielaclausade.fr\/wp-content\/uploads\/2025\/06\/Capture-decran-2025-06-25-a-21.25.44-768x620.png 768w, https:\/\/ecurielaclausade.fr\/wp-content\/uploads\/2025\/06\/Capture-decran-2025-06-25-a-21.25.44.webp 1518w\" sizes=\"100vw\" \/>\t\t\t\t\t\t\t\t\t\t\t\t\t\t\t<\/div>\n\t\t\t\t<\/div>\n\t\t\t\t<div class=\"elementor-element elementor-element-25f5b93 elementor-widget__width-inherit elementor-widget elementor-widget-text-editor\" data-id=\"25f5b93\" data-element_type=\"widget\" data-e-type=\"widget\" data-widget_type=\"text-editor.default\">\n\t\t\t\t<div class=\"elementor-widget-container\">\n\t\t\t\t\t\t\t\t\t<p>Enseignant dipl\u00f4m\u00e9 d&#8217;\u00c9tat (Man\u00e8ge Franklin Paris), form\u00e9 au prestigieux Haras du Pin, j\u2019ai fond\u00e9 cette \u00e9curie avec une conviction forte : le respect du cheval, de ses besoins physiques et mentaux, doit guider chaque geste du quotidien. Notre \u00e9quipe est engag\u00e9e dans une approche bienveillante, professionnelle et passionn\u00e9e.<\/p>\t\t\t\t\t\t\t\t<\/div>\n\t\t\t\t<\/div>\n\t\t\t\t<\/div>\n\t\t\t\t\t<\/div>\n\t\t\t\t<\/div>\n\t\t<div class=\"elementor-element elementor-element-55e79ec e-flex e-con-boxed e-con e-parent\" data-id=\"55e79ec\" data-element_type=\"container\" data-e-type=\"container\">\n\t\t\t\t\t<div class=\"e-con-inner\">\n\t\t<div class=\"elementor-element elementor-element-d93107f e-con-full e-flex e-con e-child\" data-id=\"d93107f\" data-element_type=\"container\" data-e-type=\"container\">\n\t\t\t\t<div class=\"elementor-element elementor-element-1c85eb2 elementor-position-top elementor-widget elementor-widget-image-box\" data-id=\"1c85eb2\" data-element_type=\"widget\" data-e-type=\"widget\" data-widget_type=\"image-box.default\">\n\t\t\t\t<div class=\"elementor-widget-container\">\n\t\t\t\t\t<div class=\"elementor-image-box-wrapper\"><figure class=\"elementor-image-box-img\"><img decoding=\"async\" width=\"1920\" height=\"1440\" src=\"https:\/\/ecurielaclausade.fr\/wp-content\/uploads\/2025\/06\/ok-IMG_0247-1-scaled.webp\" class=\"attachment-full size-full wp-image-152\" alt=\"\" srcset=\"https:\/\/ecurielaclausade.fr\/wp-content\/uploads\/2025\/06\/ok-IMG_0247-1-scaled.webp 1920w, https:\/\/ecurielaclausade.fr\/wp-content\/uploads\/2025\/06\/ok-IMG_0247-1-300x225.webp 300w, https:\/\/ecurielaclausade.fr\/wp-content\/uploads\/2025\/06\/ok-IMG_0247-1-1024x768.webp 1024w, https:\/\/ecurielaclausade.fr\/wp-content\/uploads\/2025\/06\/ok-IMG_0247-1-768x576.webp 768w, https:\/\/ecurielaclausade.fr\/wp-content\/uploads\/2025\/06\/ok-IMG_0247-1-1536x1152.webp 1536w\" sizes=\"(max-width: 706px) 89vw, (max-width: 767px) 82vw, 740px\" \/><\/figure><div class=\"elementor-image-box-content\"><h3 class=\"elementor-image-box-title\">Boxes spacieux<\/h3><\/div><\/div>\t\t\t\t<\/div>\n\t\t\t\t<\/div>\n\t\t\t\t<\/div>\n\t\t<div class=\"elementor-element elementor-element-c55f0b7 e-con-full e-flex e-con e-child\" data-id=\"c55f0b7\" data-element_type=\"container\" data-e-type=\"container\">\n\t\t\t\t<div class=\"elementor-element elementor-element-6e4df4b elementor-position-top elementor-widget elementor-widget-image-box\" data-id=\"6e4df4b\" data-element_type=\"widget\" data-e-type=\"widget\" data-widget_type=\"image-box.default\">\n\t\t\t\t<div class=\"elementor-widget-container\">\n\t\t\t\t\t<div class=\"elementor-image-box-wrapper\"><figure class=\"elementor-image-box-img\"><img decoding=\"async\" width=\"1920\" height=\"1424\" src=\"https:\/\/ecurielaclausade.fr\/wp-content\/uploads\/2025\/06\/Capture-decran-2025-06-25-a-21.34.22.webp\" class=\"attachment-full size-full wp-image-268\" alt=\"\" srcset=\"https:\/\/ecurielaclausade.fr\/wp-content\/uploads\/2025\/06\/Capture-decran-2025-06-25-a-21.34.22.webp 1920w, https:\/\/ecurielaclausade.fr\/wp-content\/uploads\/2025\/06\/Capture-decran-2025-06-25-a-21.34.22-300x223.webp 300w, https:\/\/ecurielaclausade.fr\/wp-content\/uploads\/2025\/06\/Capture-decran-2025-06-25-a-21.34.22-1024x760.webp 1024w, https:\/\/ecurielaclausade.fr\/wp-content\/uploads\/2025\/06\/Capture-decran-2025-06-25-a-21.34.22-768x570.png 768w, https:\/\/ecurielaclausade.fr\/wp-content\/uploads\/2025\/06\/Capture-decran-2025-06-25-a-21.34.22-1536x1139.png 1536w\" sizes=\"(max-width: 706px) 89vw, (max-width: 767px) 82vw, 740px\" \/><\/figure><div class=\"elementor-image-box-content\"><h3 class=\"elementor-image-box-title\">Paddocks<\/h3><\/div><\/div>\t\t\t\t<\/div>\n\t\t\t\t<\/div>\n\t\t\t\t<\/div>\n\t\t<div class=\"elementor-element elementor-element-890cd5c e-con-full e-flex e-con e-child\" data-id=\"890cd5c\" data-element_type=\"container\" data-e-type=\"container\">\n\t\t\t\t<div class=\"elementor-element elementor-element-7300e76 elementor-position-top elementor-widget elementor-widget-image-box\" data-id=\"7300e76\" data-element_type=\"widget\" data-e-type=\"widget\" data-widget_type=\"image-box.default\">\n\t\t\t\t<div class=\"elementor-widget-container\">\n\t\t\t\t\t<div class=\"elementor-image-box-wrapper\"><figure class=\"elementor-image-box-img\"><img loading=\"lazy\" decoding=\"async\" width=\"2560\" height=\"1920\" src=\"https:\/\/ecurielaclausade.fr\/wp-content\/uploads\/2025\/06\/08-IMG_0288-1-scaled.jpg\" class=\"attachment-full size-full wp-image-158\" alt=\"\" srcset=\"https:\/\/ecurielaclausade.fr\/wp-content\/uploads\/2025\/06\/08-IMG_0288-1-scaled.jpg 2560w, https:\/\/ecurielaclausade.fr\/wp-content\/uploads\/2025\/06\/08-IMG_0288-1-300x225.jpg 300w, https:\/\/ecurielaclausade.fr\/wp-content\/uploads\/2025\/06\/08-IMG_0288-1-1024x768.jpg 1024w, https:\/\/ecurielaclausade.fr\/wp-content\/uploads\/2025\/06\/08-IMG_0288-1-768x576.jpg 768w, https:\/\/ecurielaclausade.fr\/wp-content\/uploads\/2025\/06\/08-IMG_0288-1-1536x1152.jpg 1536w, https:\/\/ecurielaclausade.fr\/wp-content\/uploads\/2025\/06\/08-IMG_0288-1-2048x1536.jpg 2048w\" sizes=\"(max-width: 706px) 89vw, (max-width: 767px) 82vw, 740px\" \/><\/figure><div class=\"elementor-image-box-content\"><h3 class=\"elementor-image-box-title\">Grande Carri\u00e8re<\/h3><\/div><\/div>\t\t\t\t<\/div>\n\t\t\t\t<\/div>\n\t\t\t\t<\/div>\n\t\t<div class=\"elementor-element elementor-element-0129ae4 e-con-full e-flex e-con e-child\" data-id=\"0129ae4\" data-element_type=\"container\" data-e-type=\"container\">\n\t\t\t\t<div class=\"elementor-element elementor-element-b714545 elementor-position-top elementor-widget elementor-widget-image-box\" data-id=\"b714545\" data-element_type=\"widget\" data-e-type=\"widget\" data-widget_type=\"image-box.default\">\n\t\t\t\t<div class=\"elementor-widget-container\">\n\t\t\t\t\t<div class=\"elementor-image-box-wrapper\"><figure class=\"elementor-image-box-img\"><img loading=\"lazy\" decoding=\"async\" width=\"2560\" height=\"1920\" src=\"https:\/\/ecurielaclausade.fr\/wp-content\/uploads\/2025\/06\/ok-IMG_0278-scaled.jpg\" class=\"attachment-full size-full wp-image-153\" alt=\"\" srcset=\"https:\/\/ecurielaclausade.fr\/wp-content\/uploads\/2025\/06\/ok-IMG_0278-scaled.jpg 2560w, https:\/\/ecurielaclausade.fr\/wp-content\/uploads\/2025\/06\/ok-IMG_0278-300x225.jpg 300w\" sizes=\"(max-width: 706px) 89vw, (max-width: 767px) 82vw, 740px\" \/><\/figure><div class=\"elementor-image-box-content\"><h3 class=\"elementor-image-box-title\">Petite Carri\u00e8re<\/h3><\/div><\/div>\t\t\t\t<\/div>\n\t\t\t\t<\/div>\n\t\t\t\t<\/div>\n\t\t\t\t\t<\/div>\n\t\t\t\t<\/div>\n\t\t<div class=\"elementor-element elementor-element-32a694f e-flex e-con-boxed e-con e-parent\" data-id=\"32a694f\" data-element_type=\"container\" data-e-type=\"container\">\n\t\t\t\t\t<div class=\"e-con-inner\">\n\t\t<div class=\"elementor-element elementor-element-673cf37 e-con-full e-flex e-con e-child\" data-id=\"673cf37\" data-element_type=\"container\" data-e-type=\"container\">\n\t\t\t\t<div class=\"elementor-element elementor-element-bbecd4f elementor-position-top elementor-widget elementor-widget-image-box\" data-id=\"bbecd4f\" data-element_type=\"widget\" data-e-type=\"widget\" data-widget_type=\"image-box.default\">\n\t\t\t\t<div class=\"elementor-widget-container\">\n\t\t\t\t\t<div class=\"elementor-image-box-wrapper\"><figure class=\"elementor-image-box-img\"><img loading=\"lazy\" decoding=\"async\" width=\"2560\" height=\"1920\" src=\"https:\/\/ecurielaclausade.fr\/wp-content\/uploads\/2025\/06\/ok-IMG_0243-scaled.jpg\" class=\"attachment-full size-full wp-image-150\" alt=\"\" srcset=\"https:\/\/ecurielaclausade.fr\/wp-content\/uploads\/2025\/06\/ok-IMG_0243-scaled.jpg 2560w, https:\/\/ecurielaclausade.fr\/wp-content\/uploads\/2025\/06\/ok-IMG_0243-300x225.jpg 300w\" sizes=\"(max-width: 706px) 89vw, (max-width: 767px) 82vw, 740px\" \/><\/figure><div class=\"elementor-image-box-content\"><h3 class=\"elementor-image-box-title\">Rond de Longe<\/h3><\/div><\/div>\t\t\t\t<\/div>\n\t\t\t\t<\/div>\n\t\t\t\t<\/div>\n\t\t<div class=\"elementor-element elementor-element-77f0b29 e-con-full e-flex e-con e-child\" data-id=\"77f0b29\" data-element_type=\"container\" data-e-type=\"container\">\n\t\t\t\t<div class=\"elementor-element elementor-element-2ab4047 elementor-position-top elementor-widget elementor-widget-image-box\" data-id=\"2ab4047\" data-element_type=\"widget\" data-e-type=\"widget\" data-widget_type=\"image-box.default\">\n\t\t\t\t<div class=\"elementor-widget-container\">\n\t\t\t\t\t<div class=\"elementor-image-box-wrapper\"><figure class=\"elementor-image-box-img\"><img loading=\"lazy\" decoding=\"async\" width=\"1920\" height=\"1440\" src=\"https:\/\/ecurielaclausade.fr\/wp-content\/uploads\/2025\/06\/marcheur-ok-IMG_0279-scaled.webp\" class=\"attachment-full size-full wp-image-154\" alt=\"\" srcset=\"https:\/\/ecurielaclausade.fr\/wp-content\/uploads\/2025\/06\/marcheur-ok-IMG_0279-scaled.webp 1920w, https:\/\/ecurielaclausade.fr\/wp-content\/uploads\/2025\/06\/marcheur-ok-IMG_0279-300x225.webp 300w, https:\/\/ecurielaclausade.fr\/wp-content\/uploads\/2025\/06\/marcheur-ok-IMG_0279-1024x768.webp 1024w, https:\/\/ecurielaclausade.fr\/wp-content\/uploads\/2025\/06\/marcheur-ok-IMG_0279-768x576.webp 768w, https:\/\/ecurielaclausade.fr\/wp-content\/uploads\/2025\/06\/marcheur-ok-IMG_0279-1536x1152.webp 1536w\" sizes=\"(max-width: 706px) 89vw, (max-width: 767px) 82vw, 740px\" \/><\/figure><div class=\"elementor-image-box-content\"><h3 class=\"elementor-image-box-title\">Marcheur Automatique<\/h3><\/div><\/div>\t\t\t\t<\/div>\n\t\t\t\t<\/div>\n\t\t\t\t<\/div>\n\t\t<div class=\"elementor-element elementor-element-405ae22 e-con-full e-flex e-con e-child\" data-id=\"405ae22\" data-element_type=\"container\" data-e-type=\"container\">\n\t\t\t\t<div class=\"elementor-element elementor-element-55013c2 elementor-position-top elementor-widget elementor-widget-image-box\" data-id=\"55013c2\" data-element_type=\"widget\" data-e-type=\"widget\" data-widget_type=\"image-box.default\">\n\t\t\t\t<div class=\"elementor-widget-container\">\n\t\t\t\t\t<div class=\"elementor-image-box-wrapper\"><figure class=\"elementor-image-box-img\"><img loading=\"lazy\" decoding=\"async\" width=\"1920\" height=\"1294\" src=\"https:\/\/ecurielaclausade.fr\/wp-content\/uploads\/2025\/06\/IMG_8058-2-scaled.webp\" class=\"attachment-full size-full wp-image-274\" alt=\"\" srcset=\"https:\/\/ecurielaclausade.fr\/wp-content\/uploads\/2025\/06\/IMG_8058-2-scaled.webp 1920w, https:\/\/ecurielaclausade.fr\/wp-content\/uploads\/2025\/06\/IMG_8058-2-300x202.jpg 300w, https:\/\/ecurielaclausade.fr\/wp-content\/uploads\/2025\/06\/IMG_8058-2-1024x690.jpg 1024w, https:\/\/ecurielaclausade.fr\/wp-content\/uploads\/2025\/06\/IMG_8058-2-768x518.jpg 768w, https:\/\/ecurielaclausade.fr\/wp-content\/uploads\/2025\/06\/IMG_8058-2-1536x1035.jpg 1536w, https:\/\/ecurielaclausade.fr\/wp-content\/uploads\/2025\/06\/IMG_8058-2-2048x1380.jpg 2048w\" sizes=\"(max-width: 706px) 89vw, (max-width: 767px) 82vw, 740px\" \/><\/figure><div class=\"elementor-image-box-content\"><h3 class=\"elementor-image-box-title\">Environnement<\/h3><\/div><\/div>\t\t\t\t<\/div>\n\t\t\t\t<\/div>\n\t\t\t\t<\/div>\n\t\t<div class=\"elementor-element elementor-element-a613d9d e-con-full e-flex e-con e-child\" data-id=\"a613d9d\" data-element_type=\"container\" data-e-type=\"container\">\n\t\t\t\t<div class=\"elementor-element elementor-element-bf491d5 elementor-position-top elementor-widget elementor-widget-image-box\" data-id=\"bf491d5\" data-element_type=\"widget\" data-e-type=\"widget\" data-widget_type=\"image-box.default\">\n\t\t\t\t<div class=\"elementor-widget-container\">\n\t\t\t\t\t<div class=\"elementor-image-box-wrapper\"><figure class=\"elementor-image-box-img\"><img decoding=\"async\" src=\"https:\/\/ecurielaclausade.fr\/wp-content\/uploads\/2025\/06\/parcours-de-cross.webp\" title=\"parcours de cross\" alt=\"parcours de cross\" loading=\"lazy\" \/><\/figure><div class=\"elementor-image-box-content\"><h3 class=\"elementor-image-box-title\">Parcours d'obstacles<\/h3><\/div><\/div>\t\t\t\t<\/div>\n\t\t\t\t<\/div>\n\t\t\t\t<\/div>\n\t\t\t\t\t<\/div>\n\t\t\t\t<\/div>\n\t\t<div class=\"elementor-element elementor-element-67ef5ca e-grid e-con-boxed e-con e-parent\" data-id=\"67ef5ca\" data-element_type=\"container\" data-e-type=\"container\">\n\t\t\t\t\t<div class=\"e-con-inner\">\n\t\t\t\t<div class=\"elementor-element elementor-element-933afe2 elementor-widget elementor-widget-text-editor\" data-id=\"933afe2\" data-element_type=\"widget\" data-e-type=\"widget\" data-widget_type=\"text-editor.default\">\n\t\t\t\t<div class=\"elementor-widget-container\">\n\t\t\t\t\t\t\t\t\t<p>Nos installations offrent des boxes spacieux avec sortie quotidienne, des paddocks individuels en herbe, deux carri\u00e8res de dressage aux sols entretenus, un parcours de cross, un rond de longe, un marcheur automatique, le tout dans un environnement verdoyant, calme et propice \u00e0 la d\u00e9tente du cheval comme du cavalier.<\/p>\t\t\t\t\t\t\t\t<\/div>\n\t\t\t\t<\/div>\n\t\t\t\t<div class=\"elementor-element elementor-element-9e581c3 elementor-widget elementor-widget-image\" data-id=\"9e581c3\" data-element_type=\"widget\" data-e-type=\"widget\" data-widget_type=\"image.default\">\n\t\t\t\t<div class=\"elementor-widget-container\">\n\t\t\t\t\t\t\t\t\t\t\t\t\t\t\t<img loading=\"lazy\" decoding=\"async\" width=\"525\" height=\"664\" src=\"https:\/\/ecurielaclausade.fr\/wp-content\/uploads\/2025\/06\/la-clausade-vue-du-ciel--810x1024.webp\" class=\"attachment-large size-large wp-image-262\" alt=\"\" srcset=\"https:\/\/ecurielaclausade.fr\/wp-content\/uploads\/2025\/06\/la-clausade-vue-du-ciel--810x1024.webp 810w, https:\/\/ecurielaclausade.fr\/wp-content\/uploads\/2025\/06\/la-clausade-vue-du-ciel--237x300.webp 237w, https:\/\/ecurielaclausade.fr\/wp-content\/uploads\/2025\/06\/la-clausade-vue-du-ciel--768x971.webp 768w, https:\/\/ecurielaclausade.fr\/wp-content\/uploads\/2025\/06\/la-clausade-vue-du-ciel--1215x1536.webp 1215w, https:\/\/ecurielaclausade.fr\/wp-content\/uploads\/2025\/06\/la-clausade-vue-du-ciel-.webp 1320w\" sizes=\"100vw\" \/>\t\t\t\t\t\t\t\t\t\t\t\t\t\t\t<\/div>\n\t\t\t\t<\/div>\n\t\t\t\t\t<\/div>\n\t\t\t\t<\/div>\n\t\t\t\t<\/div>\n\t\t","protected":false},"excerpt":{"rendered":"<p>Bienvenue dans notre \u00e9curie de propri\u00e9taires, un havre de paix au c\u0153ur de la nature, o\u00f9 le bien-\u00eatre animal est au centre de toutes nos attentions. Que votre cheval soit jeune, en activit\u00e9 ou \u00e0 la retraite, nous lui offrons un cadre de vie serein et des infrastructures de qualit\u00e9. Enseignant dipl\u00f4m\u00e9 d&#8217;\u00c9tat (Man\u00e8ge Franklin &hellip; <\/p>\n<p class=\"link-more\"><a href=\"https:\/\/ecurielaclausade.fr\/\" class=\"more-link\">Continue reading<span class=\"screen-reader-text\"> &#8220;Ecurie La Clausade&#8221;<\/span><\/a><\/p>\n","protected":false},"author":1,"featured_media":38,"parent":0,"menu_order":0,"comment_status":"closed","ping_status":"closed","template":"elementor_header_footer","meta":{"om_disable_all_campaigns":false,"_monsterinsights_skip_tracking":false,"_monsterinsights_sitenote_active":false,"_monsterinsights_sitenote_note":"","_monsterinsights_sitenote_category":0,"footnotes":""},"class_list":["post-36","page","type-page","status-publish","has-post-thumbnail","hentry"],"aioseo_notices":[],"_links":{"self":[{"href":"https:\/\/ecurielaclausade.fr\/index.php\/wp-json\/wp\/v2\/pages\/36","targetHints":{"allow":["GET"]}}],"collection":[{"href":"https:\/\/ecurielaclausade.fr\/index.php\/wp-json\/wp\/v2\/pages"}],"about":[{"href":"https:\/\/ecurielaclausade.fr\/index.php\/wp-json\/wp\/v2\/types\/page"}],"author":[{"embeddable":true,"href":"https:\/\/ecurielaclausade.fr\/index.php\/wp-json\/wp\/v2\/users\/1"}],"replies":[{"embeddable":true,"href":"https:\/\/ecurielaclausade.fr\/index.php\/wp-json\/wp\/v2\/comments?post=36"}],"version-history":[{"count":111,"href":"https:\/\/ecurielaclausade.fr\/index.php\/wp-json\/wp\/v2\/pages\/36\/revisions"}],"predecessor-version":[{"id":277,"href":"https:\/\/ecurielaclausade.fr\/index.php\/wp-json\/wp\/v2\/pages\/36\/revisions\/277"}],"wp:featuredmedia":[{"embeddable":true,"href":"https:\/\/ecurielaclausade.fr\/index.php\/wp-json\/wp\/v2\/media\/38"}],"wp:attachment":[{"href":"https:\/\/ecurielaclausade.fr\/index.php\/wp-json\/wp\/v2\/media?parent=36"}],"curies":[{"name":"wp","href":"https:\/\/api.w.org\/{rel}","templated":true}]}}